{"id":43,"date":"2019-07-30T09:45:42","date_gmt":"2019-07-30T07:45:42","guid":{"rendered":"https:\/\/etape3-2019.freshkonzept.com\/kontakt\/"},"modified":"2021-06-24T12:01:02","modified_gmt":"2021-06-24T10:01:02","slug":"kontakt","status":"publish","type":"page","link":"https:\/\/etape3.com\/dk\/kontakt\/","title":{"rendered":"Kontakt"},"content":{"rendered":"\n<figure class=\"wp-block-image is-resized headerbild rot\"><img loading=\"lazy\" decoding=\"async\" src=\"https:\/\/etape3.com\/dk\/wp-content\/uploads\/sites\/3\/2019\/08\/header_haende.jpg\" alt=\"\" class=\"wp-image-250\" width=\"1920\" height=\"720\" srcset=\"https:\/\/etape3.com\/dk\/wp-content\/uploads\/sites\/3\/2019\/08\/header_haende.jpg 1920w, https:\/\/etape3.com\/dk\/wp-content\/uploads\/sites\/3\/2019\/08\/header_haende-640x240.jpg 640w, https:\/\/etape3.com\/dk\/wp-content\/uploads\/sites\/3\/2019\/08\/header_haende-768x288.jpg 768w, https:\/\/etape3.com\/dk\/wp-content\/uploads\/sites\/3\/2019\/08\/header_haende-1024x384.jpg 1024w\" sizes=\"auto, (max-width: 1920px) 100vw, 1920px\" \/><\/figure>\n\n\n\n<h1 style=\"text-align:center\" class=\"mainheader wp-block-heading\">Kontakt<\/h1>\n\n\n\n<p style=\"text-align:center\" class=\"maxw\">Du er velkommen at aftale et m\u00f8de og dr\u00f8fte sp\u00f8rgsm\u00e5l og l\u00f8sninger til dit sportsligt m\u00e5l.<\/p>\n\n\n\n<div class=\"wp-block-columns has-3-columns maxw adresse is-layout-flex wp-container-core-columns-is-layout-9d6595d7 wp-block-columns-is-layout-flex\">\n<div class=\"wp-block-column is-layout-flow wp-block-column-is-layout-flow\"><div class=\"su-list\" style=\"margin-left:0px\">\n\n\n\n<ul class=\"wp-block-list\"><li><i class=\"sui sui-map-marker\" style=\"color:#fff\"><\/i> Marcus Burghardt <br>Brauereiweg 16<br>24939 Flensburg<\/li><\/ul>\n\n\n<\/div>\n<\/div>\n\n\n\n<div class=\"wp-block-column is-layout-flow wp-block-column-is-layout-flow\"><div class=\"su-list\" style=\"margin-left:0px\">\n\n\n\n<ul class=\"wp-block-list\"><li><i class=\"sui sui-envelope-o\" style=\"color:#fff\"><\/i> <a href=\"mailto:contact@etape3.com\">contact@etape3.com<\/a><br>+49\/ 176 43 93 67 17<br>+45\/ 30 68 02 49<\/li><\/ul>\n\n\n<\/div>\n<\/div>\n\n\n\n<div class=\"wp-block-column is-layout-flow wp-block-column-is-layout-flow\"><div class=\"su-gmap su-u-responsive-media-yes\"><iframe loading=\"lazy\" width=\"600\" height=\"400\" src=\"\/\/maps.google.com\/maps?q=Brauereiweg%2016%2C%20Flensburg&amp;output=embed\" title=\"\"><\/iframe><\/div>\n<\/div>\n<\/div>\n\n\n<div class=\"su-divider su-divider-style-default raedchen\" style=\"margin:15px 0;border-width:1px;border-color:#fff\"><\/div>\n\n\n\n<h2 style=\"text-align:center\" class=\"teaserh2 wp-block-heading\">Kontaktformular<\/h2>\n\n\n\n<div class=\"wpcf7 no-js\" id=\"wpcf7-f504-o1\" lang=\"de-DE\" dir=\"ltr\" data-wpcf7-id=\"504\">\n<div class=\"screen-reader-response\"><p role=\"status\" aria-live=\"polite\" aria-atomic=\"true\"><\/p> <ul><\/ul><\/div>\n<form action=\"\/dk\/wp-json\/wp\/v2\/pages\/43#wpcf7-f504-o1\" method=\"post\" class=\"wpcf7-form init\" aria-label=\"Kontaktformular\" novalidate=\"novalidate\" data-status=\"init\">\n<fieldset class=\"hidden-fields-container\"><input type=\"hidden\" name=\"_wpcf7\" value=\"504\" \/><input type=\"hidden\" name=\"_wpcf7_version\" value=\"6.1.1\" \/><input type=\"hidden\" name=\"_wpcf7_locale\" value=\"de_DE\" \/><input type=\"hidden\" name=\"_wpcf7_unit_tag\" value=\"wpcf7-f504-o1\" \/><input type=\"hidden\" name=\"_wpcf7_container_post\" value=\"0\" \/><input type=\"hidden\" name=\"_wpcf7_posted_data_hash\" value=\"\" \/>\n<\/fieldset>\n<div id=\"su-post-<?php the_ID(); ?>\n\t<p>\" class=\"wp-block-columns has-2-columns maxw formular\">\n\t<\/p>\n\t<div class=\"wp-block-column\">\n\t\t<p><label> Dit navn (p\u00e5kr\u00e6vet felt)<br \/>\n<span class=\"wpcf7-form-control-wrap\" data-name=\"your-name\"><input size=\"40\" maxlength=\"400\" class=\"wpcf7-form-control wpcf7-text wpcf7-validates-as-required\" aria-required=\"true\" aria-invalid=\"false\" value=\"\" type=\"text\" name=\"your-name\" \/><\/span> <\/label><br \/>\n<label> Din e-mail-adresse (p\u00e5kr\u00e6vet felt)<br \/>\n<span class=\"wpcf7-form-control-wrap\" data-name=\"your-email\"><input size=\"40\" maxlength=\"400\" class=\"wpcf7-form-control wpcf7-email wpcf7-validates-as-required wpcf7-text wpcf7-validates-as-email\" aria-required=\"true\" aria-invalid=\"false\" value=\"\" type=\"email\" name=\"your-email\" \/><\/span> <\/label><br \/>\n<label> Emne<br \/>\n<span class=\"wpcf7-form-control-wrap\" data-name=\"your-subject\"><input size=\"40\" maxlength=\"400\" class=\"wpcf7-form-control wpcf7-text\" aria-invalid=\"false\" value=\"\" type=\"text\" name=\"your-subject\" \/><\/span> <\/label>\n\t\t<\/p>\n\t<\/div>\n\t<div class=\"wp-block-column\">\n\t\t<p><label> Din besked<br \/>\n<span class=\"wpcf7-form-control-wrap\" data-name=\"your-message\"><textarea cols=\"40\" rows=\"10\" maxlength=\"2000\" class=\"wpcf7-form-control wpcf7-textarea\" aria-invalid=\"false\" name=\"your-message\"><\/textarea><\/span> <\/label><br \/>\n<label class=\"captcha\"> Udfyld f\u00f8lgende kode: <input type=\"hidden\" name=\"_wpcf7_captcha_challenge_captcha-118\" value=\"3032774031\" \/><img loading=\"lazy\" decoding=\"async\" class=\"wpcf7-form-control wpcf7-captchac wpcf7-captcha-captcha-118\" width=\"84\" height=\"28\" alt=\"captcha\" src=\"https:\/\/etape3.com\/dk\/wp-content\/uploads\/sites\/3\/wpcf7_captcha\/3032774031.png\" \/><br \/>\n<span class=\"wpcf7-form-control-wrap\" data-name=\"captcha-118\"><input size=\"4\" maxlength=\"4\" class=\"wpcf7-form-control wpcf7-captchar\" autocomplete=\"off\" aria-invalid=\"false\" value=\"\" type=\"text\" name=\"captcha-118\" \/><\/span> <\/label><br \/>\n<span id=\"wpcf7-69e33e90ec37c-wrapper\" class=\"wpcf7-form-control-wrap mail-wrap\" style=\"display:none !important; visibility:hidden !important;\"><label for=\"wpcf7-69e33e90ec37c-field\" class=\"hp-message\">Bitte lasse dieses Feld leer.<\/label><input id=\"wpcf7-69e33e90ec37c-field\"  class=\"wpcf7-form-control wpcf7-text\" type=\"text\" name=\"mail\" value=\"\" size=\"40\" tabindex=\"-1\" autocomplete=\"new-password\" \/><\/span><br \/>\n<input class=\"wpcf7-form-control wpcf7-submit has-spinner\" type=\"submit\" value=\"Sende\" \/>\n\t\t<\/p>\n\t<\/div>\n<\/div><div class=\"wpcf7-response-output\" aria-hidden=\"true\"><\/div>\n<\/form>\n<\/div>\n\n\n\n<div class=\"su-divider su-divider-style-default raedchen\" style=\"margin:15px 0;border-width:1px;border-color:#fff\"><\/div>\n","protected":false},"excerpt":{"rendered":"<p>Kontakt Du er velkommen at aftale et m\u00f8de og dr\u00f8fte sp\u00f8rgsm\u00e5l og l\u00f8sninger til dit sportsligt m\u00e5l. Kontaktformular<\/p>\n","protected":false},"author":1,"featured_media":0,"parent":0,"menu_order":6,"comment_status":"closed","ping_status":"closed","template":"","meta":{"advgb_blocks_editor_width":"","advgb_blocks_columns_visual_guide":"","footnotes":""},"class_list":["post-43","page","type-page","status-publish","hentry"],"coauthors":[],"author_meta":{"author_link":"https:\/\/etape3.com\/dk\/blog\/author\/e3adm\/","display_name":"e3adm"},"relative_dates":{"created":"Posted 7 \u00e5r ago","modified":"Updated 5 \u00e5r ago"},"absolute_dates":{"created":"Posted on 30. juli 2019","modified":"Updated on 24. juni 2021"},"absolute_dates_time":{"created":"Posted on 30. juli 2019 9:45","modified":"Updated on 24. juni 2021 12:01"},"featured_img_caption":"","featured_img":false,"series_order":"","_links":{"self":[{"href":"https:\/\/etape3.com\/dk\/wp-json\/wp\/v2\/pages\/43","targetHints":{"allow":["GET"]}}],"collection":[{"href":"https:\/\/etape3.com\/dk\/wp-json\/wp\/v2\/pages"}],"about":[{"href":"https:\/\/etape3.com\/dk\/wp-json\/wp\/v2\/types\/page"}],"author":[{"embeddable":true,"href":"https:\/\/etape3.com\/dk\/wp-json\/wp\/v2\/users\/1"}],"replies":[{"embeddable":true,"href":"https:\/\/etape3.com\/dk\/wp-json\/wp\/v2\/comments?post=43"}],"version-history":[{"count":14,"href":"https:\/\/etape3.com\/dk\/wp-json\/wp\/v2\/pages\/43\/revisions"}],"predecessor-version":[{"id":952,"href":"https:\/\/etape3.com\/dk\/wp-json\/wp\/v2\/pages\/43\/revisions\/952"}],"wp:attachment":[{"href":"https:\/\/etape3.com\/dk\/wp-json\/wp\/v2\/media?parent=43"}],"curies":[{"name":"wp","href":"https:\/\/api.w.org\/{rel}","templated":true}]}}