{"id":40,"date":"2019-07-30T09:45:42","date_gmt":"2019-07-30T07:45:42","guid":{"rendered":"https:\/\/etape3-2019.freshkonzept.com\/leistungsdiagnostikthe-athlete\/"},"modified":"2022-01-31T13:45:11","modified_gmt":"2022-01-31T12:45:11","slug":"performance-testing-the-athlete","status":"publish","type":"page","link":"https:\/\/etape3.com\/dk\/performance-testing-the-athlete\/","title":{"rendered":"Performance Testingthe athlete"},"content":{"rendered":"\n<figure class=\"wp-block-image is-resized headerbild rot\"><img loading=\"lazy\" decoding=\"async\" src=\"https:\/\/etape3.com\/dk\/wp-content\/uploads\/sites\/3\/2019\/07\/teaser-leistungsdiagnostik.jpg\" alt=\"\" class=\"wp-image-80\" width=\"1920\" height=\"720\" srcset=\"https:\/\/etape3.com\/dk\/wp-content\/uploads\/sites\/3\/2019\/07\/teaser-leistungsdiagnostik.jpg 1920w, https:\/\/etape3.com\/dk\/wp-content\/uploads\/sites\/3\/2019\/07\/teaser-leistungsdiagnostik-640x240.jpg 640w, https:\/\/etape3.com\/dk\/wp-content\/uploads\/sites\/3\/2019\/07\/teaser-leistungsdiagnostik-768x288.jpg 768w, https:\/\/etape3.com\/dk\/wp-content\/uploads\/sites\/3\/2019\/07\/teaser-leistungsdiagnostik-1024x384.jpg 1024w\" sizes=\"auto, (max-width: 1920px) 100vw, 1920px\" \/><\/figure>\n\n\n\n<h1 style=\"text-align:center\" class=\"mainheader wp-block-heading\">Performance Testing &amp; Profiling<\/h1>\n\n\n\n<p style=\"text-align:center\" class=\"maxw\">Tr\u00e6ningskontrol starter her. Forskellige metaboliske parametre m\u00e5les for at belyse atletens status quo. Uundv\u00e6rlig i sports coaching, n\u00e5r det g\u00e6lder udvikling af pr\u00e6stationen. <\/p>\n\n\n\n<p style=\"text-align:center\">Her findes personlig r\u00e5dgivning og service, som bringer dig videre til dit n\u00e6ste trin:<\/p>\n\n\n\n<div style=\"height:20px\" aria-hidden=\"true\" class=\"wp-block-spacer\"><\/div>\n\n\n<div class=\"su-divider su-divider-style-default raedchen\" style=\"margin:15px 0;border-width:1px;border-color:#fff\"><\/div>\n\n\n\n<h2 style=\"text-align:center\" class=\"maxw teaserh2 rahmen wp-block-heading\">\u00a0Performance Testing<br>Performance Testing &amp; Profiling<\/h2>\n\n\n\n<div class=\"wp-block-columns has-3-columns produkte maxw is-layout-flex wp-container-core-columns-is-layout-9d6595d7 wp-block-columns-is-layout-flex\">\n<div class=\"wp-block-column is-layout-flow wp-block-column-is-layout-flow\">\n<h3 class=\"produktheader wp-block-heading\">Performance Testing Standard<\/h3>\n\n\n\n<p class=\"p1\"><strong>Athlete Assessment<\/strong><br>R\u00e5dgivning, Onboarding &amp; Mapping <\/p>\n\n\n\n<p class=\"p1\"><strong>Bodycomposition<\/strong><br>Weight, Bodyfat, BMI<\/p>\n\n\n\n<p class=\"p1\"><strong>Performance Testing<\/strong><br>Studio, Step Test<br>Laktat, Watt, HF<br><br><\/p>\n\n\n\n<p class=\"p2\"><strong>Performance Metrics &amp; Profiling<\/strong><br>Anaerob T\u00e6rskel<br>Trainingszoner (%AT) HF\/Watt<br><br><br><br><\/p>\n\n\n\n<p class=\"p3\"><br><br><\/p>\n\n\n\n<p class=\"p5\"><strong>Testreport  med Evaluering &amp; R\u00e5dgivning<\/strong><\/p>\n\n\n\n<p class=\"preis\">\u20ac 119,00<\/p>\n\n\n\n<p class=\"beschreibung\">Test i Studio til pr\u00e6stationskontrol og monitoring. Kalkulering af anaerob t\u00e6rskel og prozentual afledt tr\u00e6ningszoner.<br><em>\u20ac 109,00 for f\u00f8lgetests i l\u00f8bet af 8 uger<\/em><br><br><\/p>\n\n\n\n<p class=\"linkbutton\"><a href=\"mailto:inquiry@etape3.com?subject=Anfrage%20etape2%20Leistungsdiagnostik%20Standard\">Send foresp\u00f8rgsel<\/a><\/p>\n<\/div>\n\n\n\n<div class=\"wp-block-column is-layout-flow wp-block-column-is-layout-flow\">\n<h3 class=\"produktheader wp-block-heading\">Performance Testing Remote<\/h3>\n\n\n\n<p class=\"p1\"><strong>Athlete Assessment<\/strong><br>R\u00e5dgivning, Onboarding &amp; Mapping<\/p>\n\n\n\n<p class=\"p1\"><strong>Bodycomposition<\/strong><br>V\u00e6gt, BMI, Bodycompartment<\/p>\n\n\n\n<p class=\"p1\"><strong>Performance Testing<\/strong><br>Remote, Interval Test<br>Watt, HF<br><br><\/p>\n\n\n\n<p class=\"p2\"><strong>Performance Metrics &amp; Profiling<\/strong><br>VO2max &amp; VLamax<br>MLSS<br>FatMax &amp; CarbMax<br>Trainingszoner HF\/Watt<br><br><\/p>\n\n\n\n<p class=\"p3\"><br><br><\/p>\n\n\n\n<p class=\"p5\"><strong>Testreport med Evaluering &amp; R\u00e5dgivning<\/strong><\/p>\n\n\n\n<p class=\"preis\">\u20ac 179,00<\/p>\n\n\n\n<p class=\"beschreibung\">Omfattende lokationsuafh\u00e6ngige Test til pr\u00e6stationskontrol og monitoring med alle relevante parameter. Watt- og HF-m\u00e5ler p\u00e5kr\u00e6vet.<br><em>\u20ac 159,00  for f\u00f8lgetests i l\u00f8bet af 8 uger<\/em>.<br><br><\/p>\n\n\n\n<p class=\"linkbutton\"><a href=\"mailto:inquiry@etape3.com?subject=Anfrage%20etape2%20Leistungsdiagnostik%20Remote\">Send foresp\u00f8rgsel<\/a><\/p>\n<\/div>\n\n\n\n<div class=\"wp-block-column is-layout-flow wp-block-column-is-layout-flow\">\n<h3 class=\"produktheader wp-block-heading\">Performance Testing Avanceret<\/h3>\n\n\n\n<p class=\"p1\"><strong>Athlete Assessment<\/strong><br>R\u00e5dgivning, Onboarding &amp; Mapping <\/p>\n\n\n\n<p class=\"p1\"><strong>Bodycomposition<\/strong><br>Weight,   Bodyfat, BMI, Bodycompartment<\/p>\n\n\n\n<p class=\"p1\"><strong>Performance Testing<\/strong><br>Studio eller Field, Interval Test<br>Laktat, Watt, HF<br><br><\/p>\n\n\n\n<p class=\"p2\"><strong>Performance Metrics &amp; Profiling<\/strong><br>VO2max &amp; VLamax<br>MLSS<br>FatMax &amp; CarbMax<br>Trainingszoner HF\/Watt<br><br><\/p>\n\n\n\n<p class=\"p3\"><strong>Motion Capture<\/strong><br>Wattbaseret Motion Capture<br>Pedaling Fingerprint<\/p>\n\n\n\n<p class=\"p5\"><strong>Testreport med Evaluering &amp; R\u00e5dgivning<\/strong><\/p>\n\n\n\n<p class=\"preis\">\u20ac 219,00<\/p>\n\n\n\n<p class=\"beschreibung\">Omfattende Test i Studio eller Field til pr\u00e6stationskontrol og monitoring med alle relevante parameter. <br>Inklusive wattbaseret Motion Capture.<br><em>\u20ac 199,00 for f\u00f8lgetests i l\u00f8bet af 8 uger<\/em><\/p>\n\n\n\n<p class=\"linkbutton\"><a href=\"mailto:inquiry@etape3.com?subject=Anfrage%20etape2%20Leistungsdiagnostik%20Advanced\">Send foresp\u00f8rgsel<\/a><\/p>\n<\/div>\n<\/div>\n\n\n<div class=\"su-divider su-divider-style-default raedchen\" style=\"margin:15px 0;border-width:1px;border-color:#fff\"><\/div>\n","protected":false},"excerpt":{"rendered":"<p>Performance Testing &amp; Profiling Tr\u00e6ningskontrol starter her. Forskellige metaboliske parametre m\u00e5les for at belyse atletens status quo. Uundv\u00e6rlig i sports coaching, n\u00e5r det g\u00e6lder udvikling af pr\u00e6stationen. Her findes personlig r\u00e5dgivning og service, som bringer dig videre til dit n\u00e6ste trin: \u00a0Performance TestingPerformance Testing &amp; Profiling Performance Testing Standard Athlete AssessmentR\u00e5dgivning, Onboarding &amp; Mapping BodycompositionWeight, [&hellip;]<\/p>\n","protected":false},"author":1,"featured_media":0,"parent":0,"menu_order":3,"comment_status":"closed","ping_status":"closed","template":"","meta":{"advgb_blocks_editor_width":"","advgb_blocks_columns_visual_guide":"","footnotes":""},"class_list":["post-40","page","type-page","status-publish","hentry"],"coauthors":[],"author_meta":{"author_link":"https:\/\/etape3.com\/dk\/blog\/author\/e3adm\/","display_name":"e3adm"},"relative_dates":{"created":"Udgivet 7 \u00e5r siden","modified":"Opdateret 4 \u00e5r siden"},"absolute_dates":{"created":"Udgivet 30. juli 2019","modified":"Opdateret 31. januar 2022"},"absolute_dates_time":{"created":"Udgivet 30. juli 2019 9:45","modified":"Opdateret 31. januar 2022 13:45"},"featured_img_caption":"","featured_img":false,"series_order":"","_links":{"self":[{"href":"https:\/\/etape3.com\/dk\/wp-json\/wp\/v2\/pages\/40","targetHints":{"allow":["GET"]}}],"collection":[{"href":"https:\/\/etape3.com\/dk\/wp-json\/wp\/v2\/pages"}],"about":[{"href":"https:\/\/etape3.com\/dk\/wp-json\/wp\/v2\/types\/page"}],"author":[{"embeddable":true,"href":"https:\/\/etape3.com\/dk\/wp-json\/wp\/v2\/users\/1"}],"replies":[{"embeddable":true,"href":"https:\/\/etape3.com\/dk\/wp-json\/wp\/v2\/comments?post=40"}],"version-history":[{"count":39,"href":"https:\/\/etape3.com\/dk\/wp-json\/wp\/v2\/pages\/40\/revisions"}],"predecessor-version":[{"id":969,"href":"https:\/\/etape3.com\/dk\/wp-json\/wp\/v2\/pages\/40\/revisions\/969"}],"wp:attachment":[{"href":"https:\/\/etape3.com\/dk\/wp-json\/wp\/v2\/media?parent=40"}],"curies":[{"name":"wp","href":"https:\/\/api.w.org\/{rel}","templated":true}]}}