{"id":39,"date":"2019-07-30T09:45:42","date_gmt":"2019-07-30T07:45:42","guid":{"rendered":"https:\/\/etape3-2019.freshkonzept.com\/biomechanikthe-cycle\/"},"modified":"2022-01-31T13:44:39","modified_gmt":"2022-01-31T12:44:39","slug":"biomekanik-the-cycle","status":"publish","type":"page","link":"https:\/\/etape3.com\/dk\/biomekanik-the-cycle\/","title":{"rendered":"Biomekanikthe cycle"},"content":{"rendered":"\n<figure class=\"wp-block-image is-resized headerbild rot\"><img loading=\"lazy\" decoding=\"async\" src=\"https:\/\/etape3.com\/dk\/wp-content\/uploads\/sites\/3\/2020\/07\/2DMA-Banner_small.jpg\" alt=\"\" class=\"wp-image-767\" width=\"2234\" height=\"894\" srcset=\"https:\/\/etape3.com\/dk\/wp-content\/uploads\/sites\/3\/2020\/07\/2DMA-Banner_small.jpg 2234w, https:\/\/etape3.com\/dk\/wp-content\/uploads\/sites\/3\/2020\/07\/2DMA-Banner_small-640x256.jpg 640w, https:\/\/etape3.com\/dk\/wp-content\/uploads\/sites\/3\/2020\/07\/2DMA-Banner_small-768x307.jpg 768w, https:\/\/etape3.com\/dk\/wp-content\/uploads\/sites\/3\/2020\/07\/2DMA-Banner_small-1024x410.jpg 1024w\" sizes=\"auto, (max-width: 2234px) 100vw, 2234px\" \/><\/figure>\n\n\n\n<h1 style=\"text-align:center\" class=\"mainheader wp-block-heading\">Bikefitting &amp; Motion Capture<\/h1>\n\n\n\n<p style=\"text-align:center\" class=\"maxw\">Motion Capture, Bodyfitting og Bikefitting rummer stort potentiale ikke kun for at \u00f8ge komforten, men ogs\u00e5 for at l\u00f8fte effektiviteten og performance. Bikefitting suppleres med Bodyfitting og Motion Capture. <\/p>\n\n\n\n<p style=\"text-align:center\">Her findes personlig r\u00e5dgivning og service, som bringer dig videre til dit n\u00e6ste trin:<\/p>\n\n\n\n<div style=\"height:20px\" aria-hidden=\"true\" class=\"wp-block-spacer\"><\/div>\n\n\n\n<p> <\/p>\n\n\n<div class=\"su-divider su-divider-style-default raedchen\" style=\"margin:15px 0;border-width:1px;border-color:#fff\"><\/div>\n\n\n\n<h2 style=\"text-align:center\" class=\"maxw teaserh2 rahmen wp-block-heading\">Biomekanik<br>Bikefitting &#8211; Bodyfitting &#8211; Motion Capture<\/h2>\n\n\n\n<div class=\"wp-block-columns has-3-columns produkte maxw is-layout-flex wp-container-core-columns-is-layout-9d6595d7 wp-block-columns-is-layout-flex\">\n<div class=\"wp-block-column is-layout-flow wp-block-column-is-layout-flow\">\n<h3 class=\"produktheader wp-block-heading\">Bike Sizing<\/h3>\n\n\n\n<p class=\"p1\"><strong>K\u00f8bsr\u00e5dgivning<\/strong><\/p>\n\n\n\n<p class=\"p1\"><strong>Pre-Fit Assessment<\/strong><br>R\u00e5dgivning &amp; registrering<br>2D Bodyanalyser M\u00e5ling<\/p>\n\n\n\n<p class=\"p2\"><strong>Athletic Assessment<\/strong><br>Test mobilitet &amp; fleksibilitet<br><\/p>\n\n\n\n<p class=\"p3\"><strong>Bike Sizing<\/strong><br>Sizing &amp; r\u00e5dgivning ifg. m\u00e5linger og form\u00e5l<br>Racercykel, Cyclo-Cross, Gravel, MTB<\/p>\n\n\n\n<p class=\"p4\"> <strong>R\u00e5dgivning<\/strong><br>Styr\/ Frempind\/ Saddle<br>Pedalsystem<\/p>\n\n\n\n<p class=\"p5\"><strong>Rapport med Eksempel Data-blad<\/strong><br>op til 5 Cykel-Typ, database med 80 Brands og 34.000 geometrier<\/p>\n\n\n\n<p class=\"preis\">\u20ac 49,00<\/p>\n\n\n\n<p class=\"beschreibung\">M\u00e5ling og dr\u00f8ftelse af relevante informationer til r\u00e5dgivning mht. k\u00f8b. <br><br><\/p>\n\n\n\n<p class=\"linkbutton\"><a href=\"mailto:inquiry@etape3.com?subject=Anfrage%20etape1%20Bike%20Sizing\">Send foresp\u00f8rgsel<\/a><\/p>\n<\/div>\n\n\n\n<div class=\"wp-block-column is-layout-flow wp-block-column-is-layout-flow\">\n<h3 class=\"produktheader wp-block-heading\">Biomekanik Basic<\/h3>\n\n\n\n<p class=\"p1\"><strong>Bikefitting<\/strong><\/p>\n\n\n\n<p class=\"p1\"><strong>Pre-Fit Assessment<\/strong><br>R\u00e5dgivning &amp; registrering<br>2D Bodyanalyser M\u00e5ling<\/p>\n\n\n\n<p class=\"p2\"><strong>Athletic Assessment<\/strong><br>Test mobilitet &amp; fleksibilitet<br><\/p>\n\n\n\n<p class=\"p3\"><strong>Bikefitting<\/strong><br>Dynamic Fitting &amp; Video Capture Analyse<br>Cleat adjustment Basic<\/p>\n\n\n\n<p class=\"p4\"> <br><br><\/p>\n\n\n\n<p class=\"p5\"><strong>Evaluering med rapport<\/strong><br>Follow Up session<\/p>\n\n\n\n<p class=\"preis\">\u20ac 109,00<\/p>\n\n\n\n<p class=\"beschreibung\">Bikefitting med Video Capture Analyse. M\u00e5ling og justering af de vigtigste biomekaniske parametre. Indstilling relateret til aktuel status quo, ideal for begynder. Pris uden forbrugsmateriale.<\/p>\n\n\n\n<p class=\"linkbutton\"><a href=\"mailto:inquiry@etape3.com?subject=Anfrage%20etape1%20Biomechanik%20Basic\">Send foresp\u00f8rgsel<\/a><\/p>\n<\/div>\n\n\n\n<div class=\"wp-block-column is-layout-flow wp-block-column-is-layout-flow\">\n<h3 class=\"produktheader wp-block-heading\">Biomekanik Avanceret<\/h3>\n\n\n\n<p class=\"p1\"><strong>Bikefitting, Bodyfitting, Motion Capture<\/strong><\/p>\n\n\n\n<p class=\"p1\"><strong>Pre-Fit Assessment<\/strong><br>R\u00e5dgivning &amp; registrering<br>2D Bodyanalyser M\u00e5ling<\/p>\n\n\n\n<p class=\"p2\"><strong>Athletic Assessment<\/strong><br>Functional Movement Assessment<br>Test mobilitet, fleksibilitet, posture, koordination<\/p>\n\n\n\n<p class=\"p3\"><strong>Bikefitting<\/strong><br>Dynamic Fitting &amp; Video Capture Analyse<br>Cleat adjustment Advanced<\/p>\n\n\n\n<p class=\"p4\"><strong>Motion Capture<\/strong><br>Wattbaseret Motion Capture<br>Pedaling Fingerprint<\/p>\n\n\n\n<p class=\"p5\"><strong>Evaluering med rapport<\/strong><br>Follow Up sessions<\/p>\n\n\n\n<p class=\"preis\">\u20ac 179,00<\/p>\n\n\n\n<p class=\"beschreibung\">Bikefitting med Video Capture Analyse. M\u00e5ling og indstilling af de vigtigste biomekaniske parametre. Wattbaseret Motion Capture til videreudvikling og optimering af position, efficiency og pedalering-teknik. 1-2 Follow Up sessions. Pris uden forbrugsmateriale.<\/p>\n\n\n\n<p class=\"linkbutton\"><a href=\"mailto:inquiry@etape3.com?subject=Anfrage%20etape1%20Biomechanik%20Advanced\">Send foresp\u00f8rgsel<\/a><\/p>\n<\/div>\n<\/div>\n\n\n<div class=\"su-divider su-divider-style-default raedchen\" style=\"margin:15px 0;border-width:1px;border-color:#fff\"><\/div>\n","protected":false},"excerpt":{"rendered":"<p>Bikefitting &amp; Motion Capture Motion Capture, Bodyfitting og Bikefitting rummer stort potentiale ikke kun for at \u00f8ge komforten, men ogs\u00e5 for at l\u00f8fte effektiviteten og performance. Bikefitting suppleres med Bodyfitting og Motion Capture. Her findes personlig r\u00e5dgivning og service, som bringer dig videre til dit n\u00e6ste trin: BiomekanikBikefitting &#8211; Bodyfitting &#8211; Motion Capture Bike Sizing [&hellip;]<\/p>\n","protected":false},"author":1,"featured_media":0,"parent":0,"menu_order":2,"comment_status":"closed","ping_status":"closed","template":"","meta":{"advgb_blocks_editor_width":"","advgb_blocks_columns_visual_guide":"","footnotes":""},"class_list":["post-39","page","type-page","status-publish","hentry"],"coauthors":[],"author_meta":{"author_link":"https:\/\/etape3.com\/dk\/blog\/author\/e3adm\/","display_name":"e3adm"},"relative_dates":{"created":"Udgivet 7 \u00e5r siden","modified":"Opdateret 4 \u00e5r siden"},"absolute_dates":{"created":"Udgivet 30. juli 2019","modified":"Opdateret 31. januar 2022"},"absolute_dates_time":{"created":"Udgivet 30. juli 2019 9:45","modified":"Opdateret 31. januar 2022 13:44"},"featured_img_caption":"","featured_img":false,"series_order":"","_links":{"self":[{"href":"https:\/\/etape3.com\/dk\/wp-json\/wp\/v2\/pages\/39","targetHints":{"allow":["GET"]}}],"collection":[{"href":"https:\/\/etape3.com\/dk\/wp-json\/wp\/v2\/pages"}],"about":[{"href":"https:\/\/etape3.com\/dk\/wp-json\/wp\/v2\/types\/page"}],"author":[{"embeddable":true,"href":"https:\/\/etape3.com\/dk\/wp-json\/wp\/v2\/users\/1"}],"replies":[{"embeddable":true,"href":"https:\/\/etape3.com\/dk\/wp-json\/wp\/v2\/comments?post=39"}],"version-history":[{"count":55,"href":"https:\/\/etape3.com\/dk\/wp-json\/wp\/v2\/pages\/39\/revisions"}],"predecessor-version":[{"id":968,"href":"https:\/\/etape3.com\/dk\/wp-json\/wp\/v2\/pages\/39\/revisions\/968"}],"wp:attachment":[{"href":"https:\/\/etape3.com\/dk\/wp-json\/wp\/v2\/media?parent=39"}],"curies":[{"name":"wp","href":"https:\/\/api.w.org\/{rel}","templated":true}]}}