{"id":38,"date":"2019-07-30T09:45:42","date_gmt":"2019-07-30T07:45:42","guid":{"rendered":"https:\/\/etape3-2019.freshkonzept.com\/sportbetreuungthe-concept\/"},"modified":"2022-07-11T17:21:55","modified_gmt":"2022-07-11T15:21:55","slug":"sports-coaching-the-concept","status":"publish","type":"page","link":"https:\/\/etape3.com\/dk\/sports-coaching-the-concept\/","title":{"rendered":"Sports Coachingthe concept"},"content":{"rendered":"\n<figure class=\"wp-block-image is-resized headerbild rot\"><img loading=\"lazy\" decoding=\"async\" src=\"https:\/\/etape3.com\/dk\/wp-content\/uploads\/sites\/3\/2020\/04\/headerbilder7.jpg\" alt=\"\" class=\"wp-image-676\" width=\"1920\" height=\"720\" srcset=\"https:\/\/etape3.com\/dk\/wp-content\/uploads\/sites\/3\/2020\/04\/headerbilder7.jpg 1920w, https:\/\/etape3.com\/dk\/wp-content\/uploads\/sites\/3\/2020\/04\/headerbilder7-640x240.jpg 640w, https:\/\/etape3.com\/dk\/wp-content\/uploads\/sites\/3\/2020\/04\/headerbilder7-768x288.jpg 768w, https:\/\/etape3.com\/dk\/wp-content\/uploads\/sites\/3\/2020\/04\/headerbilder7-1024x384.jpg 1024w\" sizes=\"auto, (max-width: 1920px) 100vw, 1920px\" \/><\/figure>\n\n\n\n<h1 style=\"text-align:center\" class=\"mainheader wp-block-heading\"> 360\u00ba Cykling Coaching<\/h1>\n\n\n\n<p style=\"text-align:center\" class=\"maxw\">Bikefitting, biomekanik, performance diagnostik, skr\u00e6ddersyet tr\u00e6ning og camps: etape3 i Flensburg tilbyder 360\u00ba sports coaching til cykelrytter og motionister p\u00e5 alle niveauer. Med en holistisk tilgang og systematisk proces til succes i cykling.<\/p>\n\n\n\n<div style=\"height:20px\" aria-hidden=\"true\" class=\"wp-block-spacer\"><\/div>\n\n\n\n<div class=\"wp-block-columns has-2-columns maxw is-layout-flex wp-container-core-columns-is-layout-9d6595d7 wp-block-columns-is-layout-flex\">\n<div class=\"wp-block-column is-layout-flow wp-block-column-is-layout-flow\">\n<div class=\"wp-block-image\"><figure class=\"aligncenter\"><img loading=\"lazy\" decoding=\"async\" width=\"700\" height=\"400\" src=\"https:\/\/etape3.com\/dk\/wp-content\/uploads\/sites\/3\/2019\/08\/ablaufv2.png\" alt=\"\" class=\"wp-image-272\" srcset=\"https:\/\/etape3.com\/dk\/wp-content\/uploads\/sites\/3\/2019\/08\/ablaufv2.png 700w, https:\/\/etape3.com\/dk\/wp-content\/uploads\/sites\/3\/2019\/08\/ablaufv2-350x200.png 350w, https:\/\/etape3.com\/dk\/wp-content\/uploads\/sites\/3\/2019\/08\/ablaufv2-640x366.png 640w\" sizes=\"auto, (max-width: 700px) 100vw, 700px\" \/><\/figure><\/div>\n<\/div>\n\n\n\n<div class=\"wp-block-column is-layout-flow wp-block-column-is-layout-flow\">\n<div class=\"wp-block-image\"><figure class=\"aligncenter\"><img loading=\"lazy\" decoding=\"async\" width=\"700\" height=\"400\" src=\"https:\/\/etape3.com\/dk\/wp-content\/uploads\/sites\/3\/2019\/08\/cyclev2.png\" alt=\"\" class=\"wp-image-274\" srcset=\"https:\/\/etape3.com\/dk\/wp-content\/uploads\/sites\/3\/2019\/08\/cyclev2.png 700w, https:\/\/etape3.com\/dk\/wp-content\/uploads\/sites\/3\/2019\/08\/cyclev2-350x200.png 350w, https:\/\/etape3.com\/dk\/wp-content\/uploads\/sites\/3\/2019\/08\/cyclev2-640x366.png 640w\" sizes=\"auto, (max-width: 700px) 100vw, 700px\" \/><\/figure><\/div>\n<\/div>\n<\/div>\n\n\n<div class=\"su-divider su-divider-style-default raedchen\" style=\"margin:15px 0;border-width:1px;border-color:#fff\"><\/div>\n\n\n\n<div class=\"wp-block-columns has-2-columns zweizudrei maxw is-layout-flex wp-container-core-columns-is-layout-9d6595d7 wp-block-columns-is-layout-flex\">\n<div class=\"wp-block-column is-layout-flow wp-block-column-is-layout-flow\">\n<h2 class=\"maxw teaserh2 wp-block-heading\">Konceptet<\/h2>\n\n\n\n<p>Cykling er en kompleks sport med forskellige omr\u00e5der. Hvert omr\u00e5de byder atleten muligheder til forbedring. Uanset om det bare g\u00e6lder k\u00f8regl\u00e6de, en ny personlig rekord eller forberedelse til et l\u00f8b: fokus ligger p\u00e5 en m\u00e5lrettet og systematisk tilgang der, hvor udvikling kan hentes.<\/p>\n<\/div>\n\n\n\n<div class=\"wp-block-column is-layout-flow wp-block-column-is-layout-flow\">\n<figure class=\"wp-block-image\"><img loading=\"lazy\" decoding=\"async\" width=\"402\" height=\"407\" src=\"https:\/\/etape3.com\/dk\/wp-content\/uploads\/sites\/3\/2019\/08\/davinci_concept_126949369.png\" alt=\"\" class=\"wp-image-120\" \/><\/figure>\n<\/div>\n<\/div>\n\n\n<div class=\"su-divider su-divider-style-default raedchen\" style=\"margin:15px 0;border-width:1px;border-color:#fff\"><\/div>\n\n\n\n<div class=\"wp-block-columns has-2-columns zweizudrei maxw is-layout-flex wp-container-core-columns-is-layout-9d6595d7 wp-block-columns-is-layout-flex\">\n<div class=\"wp-block-column is-layout-flow wp-block-column-is-layout-flow\">\n<h2 class=\"maxw teaserh2 wp-block-heading\">Tilgang <\/h2>\n\n\n\n<p>Vi har alle potentiale for udvikling. S\u00e5, hvad skal der til for at komme fra A til B og s\u00e5 komme videre? Sports Coaching i Cykling hos etape3 i Flensburg g\u00e5r efter kundens m\u00e5ls\u00e6tning, beh\u00f8v og betingelser, for at realisere kundens \u00f8nske.<\/p>\n\n\n\n<p>Teori og praksis: mine uddannelser p\u00e5 nationale og internationale akademier som bl.a. UCI Diploma Certified Coach, certified Bikefitter og tr\u00e6ner for performance testing kommer dig til gode, ligesom 15 \u00e5rs erfaring som rytter med utallige l\u00f8b b\u00e5de p\u00e5 landevej, MTB og Cyclo-Cross.<br>Marcus Burghardt<\/p>\n<\/div>\n\n\n\n<div class=\"wp-block-column is-layout-flow wp-block-column-is-layout-flow\">\n<figure class=\"wp-block-image\"><img loading=\"lazy\" decoding=\"async\" width=\"768\" height=\"732\" src=\"https:\/\/etape3.com\/dk\/wp-content\/uploads\/sites\/3\/2019\/08\/GP-1-768x732.jpg\" alt=\"\" class=\"wp-image-125\" srcset=\"https:\/\/etape3.com\/dk\/wp-content\/uploads\/sites\/3\/2019\/08\/GP-1-768x732.jpg 768w, https:\/\/etape3.com\/dk\/wp-content\/uploads\/sites\/3\/2019\/08\/GP-1-768x732-640x610.jpg 640w\" sizes=\"auto, (max-width: 768px) 100vw, 768px\" \/><\/figure>\n<\/div>\n<\/div>\n\n\n<div class=\"su-divider su-divider-style-default raedchen\" style=\"margin:15px 0;border-width:1px;border-color:#fff\"><\/div>\n","protected":false},"excerpt":{"rendered":"<p>360\u00ba Cykling Coaching Bikefitting, biomekanik, performance diagnostik, skr\u00e6ddersyet tr\u00e6ning og camps: etape3 i Flensburg tilbyder 360\u00ba sports coaching til cykelrytter og motionister p\u00e5 alle niveauer. Med en holistisk tilgang og systematisk proces til succes i cykling. Konceptet Cykling er en kompleks sport med forskellige omr\u00e5der. Hvert omr\u00e5de byder atleten muligheder til forbedring. Uanset om det [&hellip;]<\/p>\n","protected":false},"author":1,"featured_media":0,"parent":0,"menu_order":1,"comment_status":"closed","ping_status":"closed","template":"","meta":{"advgb_blocks_editor_width":"","advgb_blocks_columns_visual_guide":"","footnotes":""},"class_list":["post-38","page","type-page","status-publish","hentry"],"coauthors":[],"author_meta":{"author_link":"https:\/\/etape3.com\/dk\/blog\/author\/e3adm\/","display_name":"e3adm"},"relative_dates":{"created":"Udgivet 7 \u00e5r siden","modified":"Opdateret 4 \u00e5r siden"},"absolute_dates":{"created":"Udgivet 30. juli 2019","modified":"Opdateret 11. juli 2022"},"absolute_dates_time":{"created":"Udgivet 30. juli 2019 9:45","modified":"Opdateret 11. juli 2022 17:21"},"featured_img_caption":"","featured_img":false,"series_order":"","_links":{"self":[{"href":"https:\/\/etape3.com\/dk\/wp-json\/wp\/v2\/pages\/38","targetHints":{"allow":["GET"]}}],"collection":[{"href":"https:\/\/etape3.com\/dk\/wp-json\/wp\/v2\/pages"}],"about":[{"href":"https:\/\/etape3.com\/dk\/wp-json\/wp\/v2\/types\/page"}],"author":[{"embeddable":true,"href":"https:\/\/etape3.com\/dk\/wp-json\/wp\/v2\/users\/1"}],"replies":[{"embeddable":true,"href":"https:\/\/etape3.com\/dk\/wp-json\/wp\/v2\/comments?post=38"}],"version-history":[{"count":48,"href":"https:\/\/etape3.com\/dk\/wp-json\/wp\/v2\/pages\/38\/revisions"}],"predecessor-version":[{"id":973,"href":"https:\/\/etape3.com\/dk\/wp-json\/wp\/v2\/pages\/38\/revisions\/973"}],"wp:attachment":[{"href":"https:\/\/etape3.com\/dk\/wp-json\/wp\/v2\/media?parent=38"}],"curies":[{"name":"wp","href":"https:\/\/api.w.org\/{rel}","templated":true}]}}